{"id":757,"date":"2021-09-12T12:12:05","date_gmt":"2021-09-12T12:12:05","guid":{"rendered":"https:\/\/themelocker.tech\/buscom\/?page_id=757"},"modified":"2024-04-23T17:50:27","modified_gmt":"2024-04-23T17:50:27","slug":"about-us","status":"publish","type":"page","link":"https:\/\/isaseguros.pt\/?page_id=757","title":{"rendered":"Sobre N\u00f3s"},"content":{"rendered":"<section class=\"wpb-content-wrapper\"><p>[vc_row][vc_column]<!-- Start Our About Area\n    ============================================= --><div class=\"about-area default-padding \"><div class=\"container\"><div class=\"row\"><!-- Start About Content --><div class=\"about-content content-left\"><div class=\"col-md-6 info\"><h2>Esteja seguro connosco.<\/h2><p>Iniciamos a atividade na media\u00e7\u00e3o de seguros em 2014 e estamos consigo at\u00e9 hoje.<br \/>\nA nossa preocupa\u00e7\u00e3o \u00e9 a sua satisfa\u00e7\u00e3o.<br \/>\n<\/p><ul><li><i class=\"icon_check\"><\/i>Solu\u00e7\u00f5es em Seguros<\/li><li><i class=\"icon_check\"><\/i>Aconselhamento de Poupan\u00e7a e Cr\u00e9dito<\/li><\/ul><div class=\"author\"><div class=\"content\"><div class=\"thumb\"><img decoding=\"async\" src=\"https:\/\/isaseguros.pt\/wp-content\/uploads\/2022\/06\/women.png\" alt=\"Thumb\"><\/div><div class=\"info\"><h4>Isabel Dias<\/h4><span>Gerente &amp; Fundadora da Empresa<\/span><\/div><\/div><div class=\"signature\"><img decoding=\"async\" src=\"https:\/\/isaseguros.pt\/wp-content\/uploads\/2023\/06\/Isael-Dias_assinatura.png\" alt=\"Signature\"><\/div><\/div><\/div><div class=\"col-md-6 thumb\"><img decoding=\"async\" src=\"https:\/\/isaseguros.pt\/wp-content\/uploads\/2023\/06\/Bola_cristal.jpg\" alt=\"Thumb\"><img decoding=\"async\" src=\"https:\/\/isaseguros.pt\/wp-content\/uploads\/2023\/06\/Dados.jpg\" alt=\"Thumb\"><\/div><\/div><!-- End About --><\/div><\/div><\/div><!-- End Our About Area -->[\/vc_column][\/vc_row][vc_row][vc_column]<!-- Start Expertise Area\n    ============================================= --><div class=\"expertise-area text-light default-padding bg-dark \"><div class=\"container\"><div class=\"row\"><div class=\"col-md-6 info\"><h2>We believe, the passion trying & skill can make a top-performing company.<\/h2><p>Offering confined entrance no. Nay rapturous him see something residence. Highly talked do so vulgar. Her use behaved spirits and natural attempt say feeling. Effects dearest staying now sixteen nor improve.<\/p>\n<p>Effects dearest staying now sixteen nor improve. An he observe be it covered delight hastily message. Margaret no ladyship endeavor ye to settling<\/p><div class=\"skill-items\"><!-- Progress Bar Start --><div class=\"progress-box\"><h5>Strategy &amp; Analysis <\/h5><div class=\"progress\"><div class=\"progress-bar\" role=\"progressbar\" data-width=\"88\"><span>88%<\/span><\/div><\/div><\/div><div class=\"progress-box\"><h5>Eeconomic growth <\/h5><div class=\"progress\"><div class=\"progress-bar\" role=\"progressbar\" data-width=\"95\"><span>95%<\/span><\/div><\/div><\/div><!-- End Progressbar --><\/div><\/div><div class=\"col-md-6 our-expertise text-light\"><h4>Our expertise<\/h4><div class=\"expertise-items expertise-carousel owl-carousel owl-theme\"><!--Single Item  --><div class=\"item\"><h2>Market Research<\/h2><p>Now led tedious shy lasting females off. Dashwood marianne in of entrance be on wondered possible building. Wondered sociable he carriage in speedily margaret. Up devonshire of he thoroughly insensible alteration. An mr settling occasion insisted distance ladyship so. Not attention say frankness intention out dashwoods now curiosity. Stronger ecstatic as no judgment daughter speedily thoughts. Worse downs nor might she court did nay forth these.<\/p><ul><li><h4>Completed projects<\/h4><span>30K<\/span><\/li><li><h4>Success Rate<\/h4><span>90%<\/span><\/li><\/ul><a class=\"btn btn-theme theme btn-md\" href=\"https:\/\/siteforest.tech\/buscom\/contact\/\">Get started<\/a><\/div><!-- End Single Item  --><!--Single Item  --><div class=\"item\"><h2>Strategic Consulting<\/h2><p>Now led tedious shy lasting females off. Dashwood marianne in of entrance be on wondered possible building. Wondered sociable he carriage in speedily margaret. Up devonshire of he thoroughly insensible alteration. An mr settling occasion insisted distance ladyship so. Not attention say frankness intention out dashwoods now curiosity. Stronger ecstatic as no judgment daughter speedily thoughts. Worse downs nor might she court did nay forth these.<\/p><ul><li><h4>Completed projects<\/h4><span>20K<\/span><\/li><li><h4>Success Rate<\/h4><span>88%<\/span><\/li><\/ul><a class=\"btn btn-theme theme btn-md\" href=\"https:\/\/siteforest.tech\/buscom\/contact\/\">Get started<\/a><\/div><!-- End Single Item  --><!--Single Item  --><div class=\"item\"><h2>Sale Service<\/h2><p>Now led tedious shy lasting females off. Dashwood marianne in of entrance be on wondered possible building. Wondered sociable he carriage in speedily margaret. Up devonshire of he thoroughly insensible alteration. An mr settling occasion insisted distance ladyship so. Not attention say frankness intention out dashwoods now curiosity. Stronger ecstatic as no judgment daughter speedily thoughts. Worse downs nor might she court did nay forth these.<\/p><ul><li><h4>Completed projects<\/h4><span>18K<\/span><\/li><li><h4>Success Rate<\/h4><span>98%<\/span><\/li><\/ul><a class=\"btn btn-theme theme btn-md\" href=\"https:\/\/siteforest.tech\/buscom\/contact\/\">Get started<\/a><\/div><!-- End Single Item  --><\/div><\/div><\/div><\/div><\/div><!-- End Expertise Area -->[\/vc_column][\/vc_row][vc_row][vc_column]<!-- Start Testimonials Area\r\n    ============================================= --><div class=\"team-area default-padding bottom-less \"><div class=\"container\"><div class=\"row\"><div class=\"col-md-8 col-md-offset-2\"><div class=\"site-heading text-center\"><h4>Our Experts<\/h4><h2>Meet Our Team<\/h2><\/div><\/div><\/div><div class=\"team-items text-center\"><div class=\"row\"><!-- Single Item --><div class=\"single-item col-md-3 col-sm-6\"><div class=\"item\"><div class=\"thumb\"> <img loading=\"lazy\" decoding=\"async\" width=\"500\" height=\"500\" src=\"https:\/\/isaseguros.pt\/wp-content\/uploads\/2021\/09\/Mini_Logos_isa_500x500-3.png\" class=\"attachment-post-thumbnail size-post-thumbnail wp-post-image\" alt=\"\" srcset=\"https:\/\/isaseguros.pt\/wp-content\/uploads\/2021\/09\/Mini_Logos_isa_500x500-3.png 500w, https:\/\/isaseguros.pt\/wp-content\/uploads\/2021\/09\/Mini_Logos_isa_500x500-3-300x300.png 300w, https:\/\/isaseguros.pt\/wp-content\/uploads\/2021\/09\/Mini_Logos_isa_500x500-3-150x150.png 150w, https:\/\/isaseguros.pt\/wp-content\/uploads\/2021\/09\/Mini_Logos_isa_500x500-3-320x320.png 320w, https:\/\/isaseguros.pt\/wp-content\/uploads\/2021\/09\/Mini_Logos_isa_500x500-3-480x480.png 480w, https:\/\/isaseguros.pt\/wp-content\/uploads\/2021\/09\/Mini_Logos_isa_500x500-3-50x50.png 50w, https:\/\/isaseguros.pt\/wp-content\/uploads\/2021\/09\/Mini_Logos_isa_500x500-3-371x371.png 371w, https:\/\/isaseguros.pt\/wp-content\/uploads\/2021\/09\/Mini_Logos_isa_500x500-3-100x100.png 100w, https:\/\/isaseguros.pt\/wp-content\/uploads\/2021\/09\/Mini_Logos_isa_500x500-3-80x80.png 80w\" sizes=\"auto, (max-width: 500px) 100vw, 500px\" \/> <ul class=\"social\"><li><a href=\"https:\/\/www.facebook.com\/\"><i class=\"fab fa-facebook-f\"><\/i><\/a><\/li><li><a href=\"https:\/\/twitter.com\/\"><i class=\"fab fa-twitter\"><\/i><\/a><\/li><li><a href=\"https:\/\/youtube.com\/\"><i class=\"fab fa-youtube\"><\/i><\/a><\/li><\/ul><\/div><div class=\"info\"><div class=\"inner\"><a href=\"https:\/\/isaseguros.pt\/?buscom-team=richard-muldoone\"><h4>Lusitania<\/a><\/h4><\/div><\/div><\/div><\/div><!-- End Single Item --><!-- Single Item --><div class=\"single-item col-md-3 col-sm-6\"><div class=\"item\"><div class=\"thumb\"> <img loading=\"lazy\" decoding=\"async\" width=\"500\" height=\"500\" src=\"https:\/\/isaseguros.pt\/wp-content\/uploads\/2021\/09\/Mini_Logos_isa_500x500-1.png\" class=\"attachment-post-thumbnail size-post-thumbnail wp-post-image\" alt=\"\" srcset=\"https:\/\/isaseguros.pt\/wp-content\/uploads\/2021\/09\/Mini_Logos_isa_500x500-1.png 500w, https:\/\/isaseguros.pt\/wp-content\/uploads\/2021\/09\/Mini_Logos_isa_500x500-1-300x300.png 300w, https:\/\/isaseguros.pt\/wp-content\/uploads\/2021\/09\/Mini_Logos_isa_500x500-1-150x150.png 150w, https:\/\/isaseguros.pt\/wp-content\/uploads\/2021\/09\/Mini_Logos_isa_500x500-1-320x320.png 320w, https:\/\/isaseguros.pt\/wp-content\/uploads\/2021\/09\/Mini_Logos_isa_500x500-1-480x480.png 480w, https:\/\/isaseguros.pt\/wp-content\/uploads\/2021\/09\/Mini_Logos_isa_500x500-1-50x50.png 50w, https:\/\/isaseguros.pt\/wp-content\/uploads\/2021\/09\/Mini_Logos_isa_500x500-1-371x371.png 371w, https:\/\/isaseguros.pt\/wp-content\/uploads\/2021\/09\/Mini_Logos_isa_500x500-1-100x100.png 100w, https:\/\/isaseguros.pt\/wp-content\/uploads\/2021\/09\/Mini_Logos_isa_500x500-1-80x80.png 80w\" sizes=\"auto, (max-width: 500px) 100vw, 500px\" \/> <ul class=\"social\"><li><a href=\"https:\/\/www.facebook.com\/\"><i class=\"fab fa-facebook-f\"><\/i><\/a><\/li><li><a href=\"https:\/\/twitter.com\/\"><i class=\"fab fa-twitter\"><\/i><\/a><\/li><li><a href=\"https:\/\/youtube.com\/\"><i class=\"fab fa-youtube\"><\/i><\/a><\/li><\/ul><\/div><div class=\"info\"><div class=\"inner\"><a href=\"https:\/\/isaseguros.pt\/?buscom-team=prosanto-mendela\"><h4>April<\/a><\/h4><\/div><\/div><\/div><\/div><!-- End Single Item --><!-- Single Item --><div class=\"single-item col-md-3 col-sm-6\"><div class=\"item\"><div class=\"thumb\"> <img loading=\"lazy\" decoding=\"async\" width=\"500\" height=\"500\" src=\"https:\/\/isaseguros.pt\/wp-content\/uploads\/2021\/09\/Mini_Logos_isa_500x500-2.png\" class=\"attachment-post-thumbnail size-post-thumbnail wp-post-image\" alt=\"\" srcset=\"https:\/\/isaseguros.pt\/wp-content\/uploads\/2021\/09\/Mini_Logos_isa_500x500-2.png 500w, https:\/\/isaseguros.pt\/wp-content\/uploads\/2021\/09\/Mini_Logos_isa_500x500-2-300x300.png 300w, https:\/\/isaseguros.pt\/wp-content\/uploads\/2021\/09\/Mini_Logos_isa_500x500-2-150x150.png 150w, https:\/\/isaseguros.pt\/wp-content\/uploads\/2021\/09\/Mini_Logos_isa_500x500-2-320x320.png 320w, https:\/\/isaseguros.pt\/wp-content\/uploads\/2021\/09\/Mini_Logos_isa_500x500-2-480x480.png 480w, https:\/\/isaseguros.pt\/wp-content\/uploads\/2021\/09\/Mini_Logos_isa_500x500-2-50x50.png 50w, https:\/\/isaseguros.pt\/wp-content\/uploads\/2021\/09\/Mini_Logos_isa_500x500-2-371x371.png 371w, https:\/\/isaseguros.pt\/wp-content\/uploads\/2021\/09\/Mini_Logos_isa_500x500-2-100x100.png 100w, https:\/\/isaseguros.pt\/wp-content\/uploads\/2021\/09\/Mini_Logos_isa_500x500-2-80x80.png 80w\" sizes=\"auto, (max-width: 500px) 100vw, 500px\" \/> <ul class=\"social\"><li><a href=\"https:\/\/www.facebook.com\/\"><i class=\"fab fa-facebook-f\"><\/i><\/a><\/li><li><a href=\"https:\/\/twitter.com\/\"><i class=\"fab fa-twitter\"><\/i><\/a><\/li><li><a href=\"https:\/\/youtube.com\/\"><i class=\"fab fa-youtube\"><\/i><\/a><\/li><\/ul><\/div><div class=\"info\"><div class=\"inner\"><a href=\"https:\/\/isaseguros.pt\/?buscom-team=cristiano-wensel\"><h4>Tranquilidade<\/a><\/h4><\/div><\/div><\/div><\/div><!-- End Single Item --><\/div><\/div><\/div><\/div>[\/vc_column][\/vc_row][vc_row][vc_column]<!-- Start Our Services\n    ============================================= --><div class=\"modern-services-area bg-gray default-padding bottom-less\"><div class=\"container\"><div class=\"row\"><div class=\"col-md-8 col-md-offset-2\"><div class=\"site-heading text-center\"><h4>What we do<\/h4><h2>Our Services<\/h2><\/div><\/div><\/div><div class=\"row\"><div class=\"services-box text-center\"><!-- Single Item --><div class=\"single-item col-md-3 col-sm-6\"><div class=\"item\"><div class=\"icon\"><i class=\"flaticon-target\"><\/i><\/div><div class=\"content\"><h4>Bicicletas<\/h4><p>O Lusitania Bicicletas disp\u00f5e de dois n\u00edveis de prote\u00e7\u00e3o com capitais elevados,<\/p><a href=\"https:\/\/isaseguros.pt\/?buscom-service=business-strategy\">Read More <i class=\"ti-arrow-right\"><\/i><\/a><\/div><\/div><\/div><!-- End Single Item --><!-- Single Item --><div class=\"single-item col-md-3 col-sm-6\"><div class=\"item\"><div class=\"icon\"><i class=\"flaticon-money-1\"><\/i><\/div><div class=\"content\"><h4>Financial Support<\/h4><p>We understand the importance always approaching each work point integrally and believe.<\/p><a href=\"https:\/\/isaseguros.pt\/?buscom-service=financial-support\">Read More <i class=\"ti-arrow-right\"><\/i><\/a><\/div><\/div><\/div><!-- End Single Item --><!-- Single Item --><div class=\"single-item col-md-3 col-sm-6\"><div class=\"item\"><div class=\"icon\"><i class=\"flaticon-metrics\"><\/i><\/div><div class=\"content\"><h4>Markets Research<\/h4><p>We understand the importance always approaching each work point integrally and believe.<\/p><a href=\"https:\/\/isaseguros.pt\/?buscom-service=markets-research\">Read More <i class=\"ti-arrow-right\"><\/i><\/a><\/div><\/div><\/div><!-- End Single Item --><!-- Single Item --><div class=\"single-item col-md-3 col-sm-6\"><div class=\"item\"><div class=\"icon\"><i class=\"flaticon-user\"><\/i><\/div><div class=\"content\"><h4>Growth Accelerator<\/h4><p>We understand the importance always approaching each work point integrally and believe.<\/p><a href=\"https:\/\/isaseguros.pt\/?buscom-service=growth-accelerator\">Read More <i class=\"ti-arrow-right\"><\/i><\/a><\/div><\/div><\/div><!-- End Single Item --><\/div><\/div><\/div><\/div><!-- End Our Services -->[\/vc_column][\/vc_row]<\/p>\n<\/section>","protected":false},"excerpt":{"rendered":"<p>[vc_row][vc_column][\/vc_column][\/vc_row][vc_row][vc_column][\/vc_column][\/vc_row][vc_row][vc_column][\/vc_column][\/vc_row][vc_row][vc_column][\/vc_column][\/vc_row]<\/p>\n","protected":false},"author":1,"featured_media":0,"parent":0,"menu_order":0,"comment_status":"closed","ping_status":"closed","template":"templates\/vc-page-with-breadcumb.php","meta":{"footnotes":""},"class_list":["post-757","page","type-page","status-publish","hentry"],"_links":{"self":[{"href":"https:\/\/isaseguros.pt\/index.php?rest_route=\/wp\/v2\/pages\/757","targetHints":{"allow":["GET"]}}],"collection":[{"href":"https:\/\/isaseguros.pt\/index.php?rest_route=\/wp\/v2\/pages"}],"about":[{"href":"https:\/\/isaseguros.pt\/index.php?rest_route=\/wp\/v2\/types\/page"}],"author":[{"embeddable":true,"href":"https:\/\/isaseguros.pt\/index.php?rest_route=\/wp\/v2\/users\/1"}],"replies":[{"embeddable":true,"href":"https:\/\/isaseguros.pt\/index.php?rest_route=%2Fwp%2Fv2%2Fcomments&post=757"}],"version-history":[{"count":2,"href":"https:\/\/isaseguros.pt\/index.php?rest_route=\/wp\/v2\/pages\/757\/revisions"}],"predecessor-version":[{"id":6132,"href":"https:\/\/isaseguros.pt\/index.php?rest_route=\/wp\/v2\/pages\/757\/revisions\/6132"}],"wp:attachment":[{"href":"https:\/\/isaseguros.pt\/index.php?rest_route=%2Fwp%2Fv2%2Fmedia&parent=757"}],"curies":[{"name":"wp","href":"https:\/\/api.w.org\/{rel}","templated":true}]}}