{"id":665,"date":"2021-09-12T10:05:29","date_gmt":"2021-09-12T10:05:29","guid":{"rendered":"https:\/\/themelocker.tech\/buscom\/?page_id=665"},"modified":"2024-06-18T18:25:41","modified_gmt":"2024-06-18T18:25:41","slug":"home-version-two","status":"publish","type":"page","link":"https:\/\/isaseguros.pt\/","title":{"rendered":"Home Isa"},"content":{"rendered":"<section class=\"wpb-content-wrapper\"><p>[vc_row][vc_column]<!-- Start Banner Area\n    ============================================= --><div class=\"banner-area text-extra-larege\"><div id=\"bootcarousel\" class=\"carousel text-dark inc-top-heading slide animate_text\" data-ride=\"carousel\"><!-- Wrapper for slides --><div class=\"carousel-inner carousel-zoom\"><div class=\"item active bg-cover\" style=\"background-image: url(https:\/\/isaseguros.pt\/wp-content\/uploads\/2021\/09\/bn44-5-3-1.jpg);\"><div class=\"box-table\"><div class=\"box-cell\"><div class=\"container\"><div class=\"row\"><div class=\"col-md-8\"><div class=\"content\"><h2 data-animation=\"animated slideInDown\">Analisamos  <strong> Cada Caso<\/strong><\/h2><a data-animation=\"animated slideInUp\" class=\"btn btn-theme effect btn-md\" href=\"http:\/\/isaseguros.pt\/?page_id=757\">Sobre n\u00f3s<\/a><\/div><\/div><\/div><\/div><\/div><\/div><\/div><div class=\"item bg-cover\" style=\"background-image: url(https:\/\/isaseguros.pt\/wp-content\/uploads\/2021\/09\/bn33-5-3-1.jpg);\"><div class=\"box-table\"><div class=\"box-cell\"><div class=\"container\"><div class=\"row\"><div class=\"col-md-8\"><div class=\"content\"><h2 data-animation=\"animated slideInLeft\">Seguros  <strong> Empresa<\/strong><\/h2><a data-animation=\"animated slideInUp\" class=\"btn btn-theme effect btn-md\" href=\"http:\/\/isaseguros.pt\/?page_id=6010\">Saber mais<\/a><\/div><\/div><\/div><\/div><\/div><\/div><\/div><div class=\"item bg-cover\" style=\"background-image: url(https:\/\/isaseguros.pt\/wp-content\/uploads\/2023\/05\/Fundos-Isa_3.jpg);\"><div class=\"box-table\"><div class=\"box-cell\"><div class=\"container\"><div class=\"row\"><div class=\"col-md-8\"><div class=\"content\"><h2 data-animation=\"animated slideInRight\">Seguros  <strong>Particular<\/strong><\/h2><a data-animation=\"animated slideInUp\" class=\"btn btn-theme effect btn-md\" href=\"http:\/\/isaseguros.pt\/?page_id=6010\">Particulares<\/a><\/div><\/div><\/div><\/div><\/div><\/div><\/div><\/div><!-- End Wrapper for slides --><!-- Left and right controls --><a class=\"left carousel-control shadow\" href=\"#bootcarousel\" data-slide=\"prev\"><i class=\"fa fa-angle-left\"><\/i><span class=\"sr-only\">Previous<\/span><\/a><a class=\"right carousel-control shadow\" href=\"#bootcarousel\" data-slide=\"next\"><i class=\"fa fa-angle-right\"><\/i><span class=\"sr-only\">Next<\/span><\/a><\/div><\/div><!-- End Banner Area -->[\/vc_column][\/vc_row][vc_row][vc_column]<!-- Start Our About Area\n    ============================================= --><div class=\"about-area solid default-padding\"><div class=\"container\"><div class=\"about-items\"><div class=\"row item-flex center\"><div class=\"col-md-6 thumb-box\"> <div class=\"thumb\"><img decoding=\"async\" src=\"https:\/\/isaseguros.pt\/wp-content\/uploads\/2021\/09\/eeeeeeeeee-5-3-1.jpg\" alt=\"Thumb\"><img decoding=\"async\" src=\"https:\/\/isaseguros.pt\/wp-content\/uploads\/2022\/06\/2.jpg\" alt=\"Thumb\"><\/div><\/div><div class=\"col-md-6 info\"><h2>Confie nos nossos servi\u00e7os<\/h2><p><strong>Estamos em constante atualiza\u00e7\u00e3o para ir de encontro as necessidades dos nossos clientes  <\/strong><br \/>\n<\/p><a class=\"btn circle btn-theme effect btn-md\" href=\"https:\/\/isaseguros.pt\/\">Saber mais<\/a><\/div><\/div><\/div><\/div><\/div><!-- End Our About Area -->[\/vc_column][\/vc_row][vc_row][vc_column]<!-- Start Testimonials Area\r\n    ============================================= --><div class=\"team-area default-padding bottom-less \"><div class=\"container\"><div class=\"row\"><div class=\"col-md-8 col-md-offset-2\"><div class=\"site-heading text-center\"><h4>MARCAS<\/h4><h2>Nossos parceiros<\/h2><\/div><\/div><\/div><div class=\"team-items text-center\"><div class=\"row\"><!-- Single Item --><div class=\"single-item col-md-3 col-sm-6\"><div class=\"item\"><div class=\"thumb\"> <img loading=\"lazy\" decoding=\"async\" width=\"500\" height=\"500\" src=\"https:\/\/isaseguros.pt\/wp-content\/uploads\/2021\/09\/Mini_Logos_isa_500x500-3.png\" class=\"attachment-post-thumbnail size-post-thumbnail wp-post-image\" alt=\"\" srcset=\"https:\/\/isaseguros.pt\/wp-content\/uploads\/2021\/09\/Mini_Logos_isa_500x500-3.png 500w, https:\/\/isaseguros.pt\/wp-content\/uploads\/2021\/09\/Mini_Logos_isa_500x500-3-300x300.png 300w, https:\/\/isaseguros.pt\/wp-content\/uploads\/2021\/09\/Mini_Logos_isa_500x500-3-150x150.png 150w, https:\/\/isaseguros.pt\/wp-content\/uploads\/2021\/09\/Mini_Logos_isa_500x500-3-320x320.png 320w, https:\/\/isaseguros.pt\/wp-content\/uploads\/2021\/09\/Mini_Logos_isa_500x500-3-480x480.png 480w, https:\/\/isaseguros.pt\/wp-content\/uploads\/2021\/09\/Mini_Logos_isa_500x500-3-50x50.png 50w, https:\/\/isaseguros.pt\/wp-content\/uploads\/2021\/09\/Mini_Logos_isa_500x500-3-371x371.png 371w, https:\/\/isaseguros.pt\/wp-content\/uploads\/2021\/09\/Mini_Logos_isa_500x500-3-100x100.png 100w, https:\/\/isaseguros.pt\/wp-content\/uploads\/2021\/09\/Mini_Logos_isa_500x500-3-80x80.png 80w\" sizes=\"auto, (max-width: 500px) 100vw, 500px\" \/> <ul class=\"social\"><li><a href=\"https:\/\/www.facebook.com\/\"><i class=\"fab fa-facebook-f\"><\/i><\/a><\/li><li><a href=\"https:\/\/twitter.com\/\"><i class=\"fab fa-twitter\"><\/i><\/a><\/li><li><a href=\"https:\/\/youtube.com\/\"><i class=\"fab fa-youtube\"><\/i><\/a><\/li><\/ul><\/div><div class=\"info\"><div class=\"inner\"><a href=\"https:\/\/isaseguros.pt\/?buscom-team=richard-muldoone\"><h4>Lusitania<\/a><\/h4><\/div><\/div><\/div><\/div><!-- End Single Item --><!-- Single Item --><div class=\"single-item col-md-3 col-sm-6\"><div class=\"item\"><div class=\"thumb\"> <img loading=\"lazy\" decoding=\"async\" width=\"500\" height=\"500\" src=\"https:\/\/isaseguros.pt\/wp-content\/uploads\/2021\/09\/Mini_Logos_isa_500x500-1.png\" class=\"attachment-post-thumbnail size-post-thumbnail wp-post-image\" alt=\"\" srcset=\"https:\/\/isaseguros.pt\/wp-content\/uploads\/2021\/09\/Mini_Logos_isa_500x500-1.png 500w, https:\/\/isaseguros.pt\/wp-content\/uploads\/2021\/09\/Mini_Logos_isa_500x500-1-300x300.png 300w, https:\/\/isaseguros.pt\/wp-content\/uploads\/2021\/09\/Mini_Logos_isa_500x500-1-150x150.png 150w, https:\/\/isaseguros.pt\/wp-content\/uploads\/2021\/09\/Mini_Logos_isa_500x500-1-320x320.png 320w, https:\/\/isaseguros.pt\/wp-content\/uploads\/2021\/09\/Mini_Logos_isa_500x500-1-480x480.png 480w, https:\/\/isaseguros.pt\/wp-content\/uploads\/2021\/09\/Mini_Logos_isa_500x500-1-50x50.png 50w, https:\/\/isaseguros.pt\/wp-content\/uploads\/2021\/09\/Mini_Logos_isa_500x500-1-371x371.png 371w, https:\/\/isaseguros.pt\/wp-content\/uploads\/2021\/09\/Mini_Logos_isa_500x500-1-100x100.png 100w, https:\/\/isaseguros.pt\/wp-content\/uploads\/2021\/09\/Mini_Logos_isa_500x500-1-80x80.png 80w\" sizes=\"auto, (max-width: 500px) 100vw, 500px\" \/> <ul class=\"social\"><li><a href=\"https:\/\/www.facebook.com\/\"><i class=\"fab fa-facebook-f\"><\/i><\/a><\/li><li><a href=\"https:\/\/twitter.com\/\"><i class=\"fab fa-twitter\"><\/i><\/a><\/li><li><a href=\"https:\/\/youtube.com\/\"><i class=\"fab fa-youtube\"><\/i><\/a><\/li><\/ul><\/div><div class=\"info\"><div class=\"inner\"><a href=\"https:\/\/isaseguros.pt\/?buscom-team=prosanto-mendela\"><h4>April<\/a><\/h4><\/div><\/div><\/div><\/div><!-- End Single Item --><!-- Single Item --><div class=\"single-item col-md-3 col-sm-6\"><div class=\"item\"><div class=\"thumb\"> <img loading=\"lazy\" decoding=\"async\" width=\"500\" height=\"500\" src=\"https:\/\/isaseguros.pt\/wp-content\/uploads\/2021\/09\/Mini_Logos_isa_500x500-2.png\" class=\"attachment-post-thumbnail size-post-thumbnail wp-post-image\" alt=\"\" srcset=\"https:\/\/isaseguros.pt\/wp-content\/uploads\/2021\/09\/Mini_Logos_isa_500x500-2.png 500w, https:\/\/isaseguros.pt\/wp-content\/uploads\/2021\/09\/Mini_Logos_isa_500x500-2-300x300.png 300w, https:\/\/isaseguros.pt\/wp-content\/uploads\/2021\/09\/Mini_Logos_isa_500x500-2-150x150.png 150w, https:\/\/isaseguros.pt\/wp-content\/uploads\/2021\/09\/Mini_Logos_isa_500x500-2-320x320.png 320w, https:\/\/isaseguros.pt\/wp-content\/uploads\/2021\/09\/Mini_Logos_isa_500x500-2-480x480.png 480w, https:\/\/isaseguros.pt\/wp-content\/uploads\/2021\/09\/Mini_Logos_isa_500x500-2-50x50.png 50w, https:\/\/isaseguros.pt\/wp-content\/uploads\/2021\/09\/Mini_Logos_isa_500x500-2-371x371.png 371w, https:\/\/isaseguros.pt\/wp-content\/uploads\/2021\/09\/Mini_Logos_isa_500x500-2-100x100.png 100w, https:\/\/isaseguros.pt\/wp-content\/uploads\/2021\/09\/Mini_Logos_isa_500x500-2-80x80.png 80w\" sizes=\"auto, (max-width: 500px) 100vw, 500px\" \/> <ul class=\"social\"><li><a href=\"https:\/\/www.facebook.com\/\"><i class=\"fab fa-facebook-f\"><\/i><\/a><\/li><li><a href=\"https:\/\/twitter.com\/\"><i class=\"fab fa-twitter\"><\/i><\/a><\/li><li><a href=\"https:\/\/youtube.com\/\"><i class=\"fab fa-youtube\"><\/i><\/a><\/li><\/ul><\/div><div class=\"info\"><div class=\"inner\"><a href=\"https:\/\/isaseguros.pt\/?buscom-team=cristiano-wensel\"><h4>Tranquilidade<\/a><\/h4><\/div><\/div><\/div><\/div><!-- End Single Item --><\/div><\/div><\/div><\/div>[\/vc_column][\/vc_row][vc_row][vc_column]<!-- Start Testimonials Area\r\n    ============================================= --><div class=\"testimonials-area carousel-shadow default-padding  vc_custom_1714668276181\"><div class=\"container\"><div class=\"row\"><div class=\"col-md-8 col-md-offset-2\"><div class=\"site-heading text-center\"><h4>Testemunhos<\/h4><h2>O que dizem os clientes<\/h2><\/div><\/div><\/div><div class=\"col-md-12\"><div class=\"testimonial-box\"><div class=\"row\"><div class=\"testimonial-items testimonial-carousel owl-carousel owl-theme\"><!-- Single Item --><div class=\"item\"><i class=\"fas fa-quote-right\"><\/i><p>Foi a melhor solu\u00e7\u00e3o para o meu seguro de mota, para al\u00e9m do pre\u00e7o que se encontrava a um pre\u00e7o justo, o que mais gostei foi a rapidez com que se desenrolou o processo. Simples e r\u00e1pido . \nObrigado pelos servi\u00e7os prestados, mais vir\u00e3o certamente. Aconselho os seus servi\u00e7os.<\/p><div class=\"author\"><div class=\"avatar\"><img decoding=\"async\" src=\"https:\/\/isaseguros.pt\/wp-content\/uploads\/2024\/05\/IMG_1786-scaled-e1714668198125-100x100.jpeg\" alt=\"Thumb\"><\/div><div class=\"info\"><h4>Rui Maia<\/h4><span>Comercial<\/span><\/div><\/div><\/div><!-- End Single Item --><!-- Single Item --><div class=\"item\"><i class=\"fas fa-quote-right\"><\/i><p>Depending acuteness dependent eat use dejection. Unpleasing astonished discovered not nor shy. Morning hearted now met yet beloved evening. Has and upon his last here must. Horses nearer oh elinor of denote.<\/p><div class=\"author\"><div class=\"avatar\"><img decoding=\"async\" src=\"https:\/\/isaseguros.pt\/wp-content\/uploads\/2021\/09\/ath2-5-3-1.jpg\" alt=\"Thumb\"><\/div><div class=\"info\"><h4>Sunath park<\/h4><span>Markeing Manager<\/span><\/div><\/div><\/div><!-- End Single Item --><!-- Single Item --><div class=\"item\"><i class=\"fas fa-quote-right\"><\/i><p>Depending acuteness dependent eat use dejection. Unpleasing astonished discovered not nor shy. Morning hearted now met yet beloved evening. Has and upon his last here must. Horses nearer oh elinor of denote.<\/p><div class=\"author\"><div class=\"avatar\"><img decoding=\"async\" src=\"https:\/\/isaseguros.pt\/wp-content\/uploads\/2021\/09\/ath3-5-3-1.jpg\" alt=\"Thumb\"><\/div><div class=\"info\"><h4>Sunath park<\/h4><span>Markeing Manager<\/span><\/div><\/div><\/div><!-- End Single Item --><\/div><\/div><\/div><\/div><\/div><\/div>[\/vc_column][\/vc_row][vc_row][vc_column css=&#8221;.vc_custom_1595836729081{margin-bottom: 15px !important;}&#8221;]<!-- Start Contact Area\r\n    ============================================= --><div class=\"contact-area default-padding \"> <div class=\"container\"><div class=\"contact-items\"><div class=\"row\"><div class=\"col-md-5 address\"><div class=\"address-items\"><h2>Deixe aqui a sua mensagem, caso nos pretenda contactar<\/h2><ul class=\"info\"><li><div class=\"icon\"><i class=\"flaticon-location\"><\/i><\/div><div class=\"info\"><h4>Sede<\/h4><span>Avenida S.Silvestre de Requi\u00e3o nr.2390-1\u00baandar\n4770-459 Requi\u00e3o<\/span><\/div><\/li><li><div class=\"icon\"><i class=\"flaticon-call-center\"><\/i><\/div><div class=\"info\"><h4>Telem\u00f3vel<\/h4><span>+351 919749041<\/span><\/div><\/li><li><div class=\"icon\"><i class=\"flaticon-email\"><\/i><\/div><div class=\"info\"><h4>Email<\/h4><span>geral@isaseguros.pt<\/span><\/div><\/li><\/ul><\/div><\/div><div class=\"col-md-7 form-box\"><div class=\"form-inner\">\n<div class=\"wpcf7 no-js\" id=\"wpcf7-f205-o1\" lang=\"en-US\" dir=\"ltr\">\n<div class=\"screen-reader-response\"><p role=\"status\" aria-live=\"polite\" aria-atomic=\"true\"><\/p> <ul><\/ul><\/div>\n<form action=\"\/index.php?rest_route=%2Fwp%2Fv2%2Fpages%2F665#wpcf7-f205-o1\" method=\"post\" class=\"wpcf7-form init\" aria-label=\"Contact form\" novalidate=\"novalidate\" data-status=\"init\">\n<div style=\"display: none;\">\n<input type=\"hidden\" name=\"_wpcf7\" value=\"205\" \/>\n<input type=\"hidden\" name=\"_wpcf7_version\" value=\"5.9.6\" \/>\n<input type=\"hidden\" name=\"_wpcf7_locale\" value=\"en_US\" \/>\n<input type=\"hidden\" name=\"_wpcf7_unit_tag\" value=\"wpcf7-f205-o1\" \/>\n<input type=\"hidden\" name=\"_wpcf7_container_post\" value=\"0\" \/>\n<input type=\"hidden\" name=\"_wpcf7_posted_data_hash\" value=\"\" \/>\n<\/div>\n<div class=\"col-md-12\">\n\t<div class=\"row\">\n\t\t<div class=\"form-group\">\n\t\t\t<p><span class=\"wpcf7-form-control-wrap\" data-name=\"text\"><input size=\"40\" maxlength=\"80\" class=\"wpcf7-form-control wpcf7-text wpcf7-validates-as-required form-control\" id=\"name\" aria-required=\"true\" aria-invalid=\"false\" placeholder=\"Name\" value=\"\" type=\"text\" name=\"text\" \/><\/span>\n\t\t\t<\/p>\n\t\t<\/div>\n\t<\/div>\n<\/div>\n<div class=\"row\">\n\t<div class=\"col-md-6\">\n\t\t<div class=\"form-group\">\n\t\t\t<p><span class=\"wpcf7-form-control-wrap\" data-name=\"email\"><input size=\"40\" maxlength=\"80\" class=\"wpcf7-form-control wpcf7-email wpcf7-validates-as-required wpcf7-text wpcf7-validates-as-email form-control\" id=\"email\" aria-required=\"true\" aria-invalid=\"false\" placeholder=\"Email\" value=\"\" type=\"email\" name=\"email\" \/><\/span>\n\t\t\t<\/p>\n\t\t<\/div>\n\t<\/div>\n\t<div class=\"col-md-6\">\n\t\t<div class=\"form-group\">\n\t\t\t<p><span class=\"wpcf7-form-control-wrap\" data-name=\"phone\"><input size=\"40\" maxlength=\"80\" class=\"wpcf7-form-control wpcf7-tel wpcf7-validates-as-required wpcf7-text wpcf7-validates-as-tel form-control\" id=\"phone\" aria-required=\"true\" aria-invalid=\"false\" placeholder=\"Phone\" value=\"\" type=\"tel\" name=\"phone\" \/><\/span>\n\t\t\t<\/p>\n\t\t<\/div>\n\t<\/div>\n<\/div>\n<div class=\"col-md-12\">\n\t<div class=\"row\">\n\t\t<div class=\"form-group comments\">\n\t\t\t<p><span class=\"wpcf7-form-control-wrap\" data-name=\"comments\"><textarea cols=\"40\" rows=\"10\" maxlength=\"400\" class=\"wpcf7-form-control wpcf7-textarea form-control\" id=\"comments\" aria-invalid=\"false\" placeholder=\"Tell Us About Project *\" name=\"comments\"><\/textarea><\/span>\n\t\t\t<\/p>\n\t\t<\/div>\n\t<\/div>\n<\/div>\n<div class=\"col-md-12\">\n\t<div class=\"row\">\n\t\t<p><button type=\"submit\" name=\"submit\" id=\"submit\">Send Message <i class=\"fa fa-paper-plane\"><\/i><\/button>\n\t\t<\/p>\n\t<\/div>\n<\/div><div class=\"wpcf7-response-output\" aria-hidden=\"true\"><\/div>\n<\/form>\n<\/div>\n<\/div><\/div><\/div><\/div><\/div><\/div><!-- End Contact Area -->[\/vc_column][\/vc_row][vc_row][vc_column][vc_gmaps link=&#8221;#E-8_JTNDaWZyYW1lJTIwc3JjJTNEJTIyaHR0cHMlM0ElMkYlMkZ3d3cuZ29vZ2xlLmNvbSUyRm1hcHMlMkZlbWJlZCUzRnBiJTNEJTIxMW0xOCUyMTFtMTIlMjExbTMlMjExZDg3OC41NjM0MDQxNDIzODA0JTIxMmQtOC40NjczODkyMjQxMDIyMjklMjEzZDQxLjQxMzYwMTA5MzU4MDUlMjEybTMlMjExZjAlMjEyZjAlMjEzZjAlMjEzbTIlMjExaTEwMjQlMjEyaTc2OCUyMTRmMTMuMSUyMTNtMyUyMTFtMiUyMTFzMHhkMjRmNzBhMWFiODE5OGYlMjUzQTB4Nzc5NWZmOTkwYzM5Yzg0NyUyMTJzSXNhYmVsJTI1MjBEaWFzJTI1MjBTZWd1cm9zJTIxNWUxJTIxM20yJTIxMXNwdC1QVCUyMTJzcHQlMjE0djE2ODM4MDI1NDQ2OTMlMjE1bTIlMjExc3B0LVBUJTIxMnNwdCUyMiUyMHdpZHRoJTNEJTIyNjAwJTIyJTIwaGVpZ2h0JTNEJTIyNDUwJTIyJTIwc3R5bGUlM0QlMjJib3JkZXIlM0EwJTNCJTIyJTIwYWxsb3dmdWxsc2NyZWVuJTNEJTIyJTIyJTIwbG9hZGluZyUzRCUyMmxhenklMjIlMjByZWZlcnJlcnBvbGljeSUzRCUyMm5vLXJlZmVycmVyLXdoZW4tZG93bmdyYWRlJTIyJTNFJTNDJTJGaWZyYW1lJTNF&#8221;][\/vc_column][\/vc_row]<\/p>\n<\/section>","protected":false},"excerpt":{"rendered":"<p>[vc_row][vc_column][\/vc_column][\/vc_row][vc_row][vc_column][\/vc_column][\/vc_row][vc_row][vc_column][\/vc_column][\/vc_row][vc_row][vc_column][\/vc_column][\/vc_row][vc_row][vc_column css=&#8221;.vc_custom_1595836729081{margin-bottom: 15px !important;}&#8221;][\/vc_column][\/vc_row][vc_row][vc_column][vc_gmaps link=&#8221;#E-8_JTNDaWZyYW1lJTIwc3JjJTNEJTIyaHR0cHMlM0ElMkYlMkZ3d3cuZ29vZ2xlLmNvbSUyRm1hcHMlMkZlbWJlZCUzRnBiJTNEJTIxMW0xOCUyMTFtMTIlMjExbTMlMjExZDg3OC41NjM0MDQxNDIzODA0JTIxMmQtOC40NjczODkyMjQxMDIyMjklMjEzZDQxLjQxMzYwMTA5MzU4MDUlMjEybTMlMjExZjAlMjEyZjAlMjEzZjAlMjEzbTIlMjExaTEwMjQlMjEyaTc2OCUyMTRmMTMuMSUyMTNtMyUyMTFtMiUyMTFzMHhkMjRmNzBhMWFiODE5OGYlMjUzQTB4Nzc5NWZmOTkwYzM5Yzg0NyUyMTJzSXNhYmVsJTI1MjBEaWFzJTI1MjBTZWd1cm9zJTIxNWUxJTIxM20yJTIxMXNwdC1QVCUyMTJzcHQlMjE0djE2ODM4MDI1NDQ2OTMlMjE1bTIlMjExc3B0LVBUJTIxMnNwdCUyMiUyMHdpZHRoJTNEJTIyNjAwJTIyJTIwaGVpZ2h0JTNEJTIyNDUwJTIyJTIwc3R5bGUlM0QlMjJib3JkZXIlM0EwJTNCJTIyJTIwYWxsb3dmdWxsc2NyZWVuJTNEJTIyJTIyJTIwbG9hZGluZyUzRCUyMmxhenklMjIlMjByZWZlcnJlcnBvbGljeSUzRCUyMm5vLXJlZmVycmVyLXdoZW4tZG93bmdyYWRlJTIyJTNFJTNDJTJGaWZyYW1lJTNF&#8221;][\/vc_column][\/vc_row]<\/p>\n","protected":false},"author":1,"featured_media":0,"parent":0,"menu_order":0,"comment_status":"closed","ping_status":"closed","template":"templates\/vc-page.php","meta":{"footnotes":""},"class_list":["post-665","page","type-page","status-publish","hentry"],"_links":{"self":[{"href":"https:\/\/isaseguros.pt\/index.php?rest_route=\/wp\/v2\/pages\/665","targetHints":{"allow":["GET"]}}],"collection":[{"href":"https:\/\/isaseguros.pt\/index.php?rest_route=\/wp\/v2\/pages"}],"about":[{"href":"https:\/\/isaseguros.pt\/index.php?rest_route=\/wp\/v2\/types\/page"}],"author":[{"embeddable":true,"href":"https:\/\/isaseguros.pt\/index.php?rest_route=\/wp\/v2\/users\/1"}],"replies":[{"embeddable":true,"href":"https:\/\/isaseguros.pt\/index.php?rest_route=%2Fwp%2Fv2%2Fcomments&post=665"}],"version-history":[{"count":18,"href":"https:\/\/isaseguros.pt\/index.php?rest_route=\/wp\/v2\/pages\/665\/revisions"}],"predecessor-version":[{"id":6201,"href":"https:\/\/isaseguros.pt\/index.php?rest_route=\/wp\/v2\/pages\/665\/revisions\/6201"}],"wp:attachment":[{"href":"https:\/\/isaseguros.pt\/index.php?rest_route=%2Fwp%2Fv2%2Fmedia&parent=665"}],"curies":[{"name":"wp","href":"https:\/\/api.w.org\/{rel}","templated":true}]}}